{"id":187,"date":"2018-07-22T10:32:31","date_gmt":"2018-07-22T08:32:31","guid":{"rendered":"https:\/\/www.domovi-za-starije.com\/domovi-na-karti\/"},"modified":"2026-03-20T12:53:41","modified_gmt":"2026-03-20T11:53:41","slug":"pflegeheime-auf-der-karte","status":"publish","type":"page","link":"https:\/\/www.domovi-za-starije.com\/de\/pflegeheime-auf-der-karte\/","title":{"rendered":"Pflegeheime auf der Karte"},"content":{"rendered":"<p>Auf dieser Karte finden Sie Pflegeheime in Kroatien.\u00a0 Mit dem Klick auf den Kartenzeiger \u00f6ffnet sich das Fenster mit zus\u00e4tzlichen Angaben.<\/p>\n","protected":false},"excerpt":{"rendered":"<p>Auf dieser Karte finden Sie Pflegeheime in Kroatien.\u00a0 Mit dem Klick auf den Kartenzeiger \u00f6ffnet sich das Fenster mit zus\u00e4tzlichen Angaben.<\/p>\n","protected":false},"author":44,"featured_media":0,"parent":0,"menu_order":0,"comment_status":"closed","ping_status":"closed","template":"template-karta.php","meta":{"_acf_changed":false,"footnotes":""},"class_list":["post-187","page","type-page","status-publish","hentry"],"acf":[],"yoast_head":"<!-- This site is optimized with the Yoast SEO plugin v26.5 - https:\/\/yoast.com\/wordpress\/plugins\/seo\/ -->\n<title>Pflegeheime auf der Karte | Pflegeheime in Kroatien<\/title>\n<meta name=\"description\" content=\"Finden Sie Pflegeheime in Kroatien auf der Karte. Mit dem Klick auf den Kartenzeiger \u00f6ffnet sich das Fenster mit zus\u00e4tzlichen Angaben \u00fcber das Pflegeheim.\" \/>\n<meta name=\"robots\" content=\"index, follow, max-snippet:-1, max-image-preview:large, max-video-preview:-1\" \/>\n<link rel=\"canonical\" href=\"https:\/\/www.domovi-za-starije.com\/de\/pflegeheime-auf-der-karte\/\" \/>\n<meta property=\"og:locale\" content=\"de_DE\" \/>\n<meta property=\"og:type\" content=\"article\" \/>\n<meta property=\"og:title\" content=\"Pflegeheime auf der Karte | Pflegeheime in Kroatien\" \/>\n<meta property=\"og:description\" content=\"Finden Sie Pflegeheime in Kroatien auf der Karte. Mit dem Klick auf den Kartenzeiger \u00f6ffnet sich das Fenster mit zus\u00e4tzlichen Angaben \u00fcber das Pflegeheim.\" \/>\n<meta property=\"og:url\" content=\"https:\/\/www.domovi-za-starije.com\/de\/pflegeheime-auf-der-karte\/\" \/>\n<meta property=\"og:site_name\" content=\"Altenheime\/Pflegeheime in Kroatien\" \/>\n<meta property=\"article:modified_time\" content=\"2026-03-20T11:53:41+00:00\" \/>\n<meta property=\"og:image\" content=\"https:\/\/www.domovi-za-starije.com\/wp-content\/uploads\/2021\/07\/logo-og.jpg\" \/>\n\t<meta property=\"og:image:width\" content=\"1200\" \/>\n\t<meta property=\"og:image:height\" content=\"630\" \/>\n\t<meta property=\"og:image:type\" content=\"image\/jpeg\" \/>\n<meta name=\"twitter:card\" content=\"summary_large_image\" \/>\n<meta name=\"twitter:label1\" content=\"Gesch\u00e4tzte Lesezeit\" \/>\n\t<meta name=\"twitter:data1\" content=\"1\u00a0Minute\" \/>\n<script type=\"application\/ld+json\" class=\"yoast-schema-graph\">{\"@context\":\"https:\/\/schema.org\",\"@graph\":[{\"@type\":\"WebPage\",\"@id\":\"https:\/\/www.domovi-za-starije.com\/de\/pflegeheime-auf-der-karte\/\",\"url\":\"https:\/\/www.domovi-za-starije.com\/de\/pflegeheime-auf-der-karte\/\",\"name\":\"Pflegeheime auf der Karte | Pflegeheime in Kroatien\",\"isPartOf\":{\"@id\":\"https:\/\/www.domovi-za-starije.com\/#website\"},\"datePublished\":\"2018-07-22T08:32:31+00:00\",\"dateModified\":\"2026-03-20T11:53:41+00:00\",\"description\":\"Finden Sie Pflegeheime in Kroatien auf der Karte. Mit dem Klick auf den Kartenzeiger \u00f6ffnet sich das Fenster mit zus\u00e4tzlichen Angaben \u00fcber das Pflegeheim.\",\"breadcrumb\":{\"@id\":\"https:\/\/www.domovi-za-starije.com\/de\/pflegeheime-auf-der-karte\/#breadcrumb\"},\"inLanguage\":\"de\",\"potentialAction\":[{\"@type\":\"ReadAction\",\"target\":[\"https:\/\/www.domovi-za-starije.com\/de\/pflegeheime-auf-der-karte\/\"]}]},{\"@type\":\"BreadcrumbList\",\"@id\":\"https:\/\/www.domovi-za-starije.com\/de\/pflegeheime-auf-der-karte\/#breadcrumb\",\"itemListElement\":[{\"@type\":\"ListItem\",\"position\":1,\"name\":\"Po\u010detna stranica\",\"item\":\"https:\/\/www.domovi-za-starije.com\/de\/\"},{\"@type\":\"ListItem\",\"position\":2,\"name\":\"Pflegeheime auf der Karte\"}]},{\"@type\":\"WebSite\",\"@id\":\"https:\/\/www.domovi-za-starije.com\/#website\",\"url\":\"https:\/\/www.domovi-za-starije.com\/\",\"name\":\"Altenheime\/Pflegeheime in Kroatien\",\"description\":\"web katalog domova za starije\",\"potentialAction\":[{\"@type\":\"SearchAction\",\"target\":{\"@type\":\"EntryPoint\",\"urlTemplate\":\"https:\/\/www.domovi-za-starije.com\/?s={search_term_string}\"},\"query-input\":{\"@type\":\"PropertyValueSpecification\",\"valueRequired\":true,\"valueName\":\"search_term_string\"}}],\"inLanguage\":\"de\"}]}<\/script>\n<!-- \/ Yoast SEO plugin. -->","yoast_head_json":{"title":"Pflegeheime auf der Karte | Pflegeheime in Kroatien","description":"Finden Sie Pflegeheime in Kroatien auf der Karte. Mit dem Klick auf den Kartenzeiger \u00f6ffnet sich das Fenster mit zus\u00e4tzlichen Angaben \u00fcber das Pflegeheim.","robots":{"index":"index","follow":"follow","max-snippet":"max-snippet:-1","max-image-preview":"max-image-preview:large","max-video-preview":"max-video-preview:-1"},"canonical":"https:\/\/www.domovi-za-starije.com\/de\/pflegeheime-auf-der-karte\/","og_locale":"de_DE","og_type":"article","og_title":"Pflegeheime auf der Karte | Pflegeheime in Kroatien","og_description":"Finden Sie Pflegeheime in Kroatien auf der Karte. Mit dem Klick auf den Kartenzeiger \u00f6ffnet sich das Fenster mit zus\u00e4tzlichen Angaben \u00fcber das Pflegeheim.","og_url":"https:\/\/www.domovi-za-starije.com\/de\/pflegeheime-auf-der-karte\/","og_site_name":"Altenheime\/Pflegeheime in Kroatien","article_modified_time":"2026-03-20T11:53:41+00:00","og_image":[{"width":1200,"height":630,"url":"https:\/\/www.domovi-za-starije.com\/wp-content\/uploads\/2021\/07\/logo-og.jpg","type":"image\/jpeg"}],"twitter_card":"summary_large_image","twitter_misc":{"Gesch\u00e4tzte Lesezeit":"1\u00a0Minute"},"schema":{"@context":"https:\/\/schema.org","@graph":[{"@type":"WebPage","@id":"https:\/\/www.domovi-za-starije.com\/de\/pflegeheime-auf-der-karte\/","url":"https:\/\/www.domovi-za-starije.com\/de\/pflegeheime-auf-der-karte\/","name":"Pflegeheime auf der Karte | Pflegeheime in Kroatien","isPartOf":{"@id":"https:\/\/www.domovi-za-starije.com\/#website"},"datePublished":"2018-07-22T08:32:31+00:00","dateModified":"2026-03-20T11:53:41+00:00","description":"Finden Sie Pflegeheime in Kroatien auf der Karte. Mit dem Klick auf den Kartenzeiger \u00f6ffnet sich das Fenster mit zus\u00e4tzlichen Angaben \u00fcber das Pflegeheim.","breadcrumb":{"@id":"https:\/\/www.domovi-za-starije.com\/de\/pflegeheime-auf-der-karte\/#breadcrumb"},"inLanguage":"de","potentialAction":[{"@type":"ReadAction","target":["https:\/\/www.domovi-za-starije.com\/de\/pflegeheime-auf-der-karte\/"]}]},{"@type":"BreadcrumbList","@id":"https:\/\/www.domovi-za-starije.com\/de\/pflegeheime-auf-der-karte\/#breadcrumb","itemListElement":[{"@type":"ListItem","position":1,"name":"Po\u010detna stranica","item":"https:\/\/www.domovi-za-starije.com\/de\/"},{"@type":"ListItem","position":2,"name":"Pflegeheime auf der Karte"}]},{"@type":"WebSite","@id":"https:\/\/www.domovi-za-starije.com\/#website","url":"https:\/\/www.domovi-za-starije.com\/","name":"Altenheime\/Pflegeheime in Kroatien","description":"web katalog domova za starije","potentialAction":[{"@type":"SearchAction","target":{"@type":"EntryPoint","urlTemplate":"https:\/\/www.domovi-za-starije.com\/?s={search_term_string}"},"query-input":{"@type":"PropertyValueSpecification","valueRequired":true,"valueName":"search_term_string"}}],"inLanguage":"de"}]}},"_links":{"self":[{"href":"https:\/\/www.domovi-za-starije.com\/de\/wp-json\/wp\/v2\/pages\/187","targetHints":{"allow":["GET"]}}],"collection":[{"href":"https:\/\/www.domovi-za-starije.com\/de\/wp-json\/wp\/v2\/pages"}],"about":[{"href":"https:\/\/www.domovi-za-starije.com\/de\/wp-json\/wp\/v2\/types\/page"}],"author":[{"embeddable":true,"href":"https:\/\/www.domovi-za-starije.com\/de\/wp-json\/wp\/v2\/users\/44"}],"replies":[{"embeddable":true,"href":"https:\/\/www.domovi-za-starije.com\/de\/wp-json\/wp\/v2\/comments?post=187"}],"version-history":[{"count":0,"href":"https:\/\/www.domovi-za-starije.com\/de\/wp-json\/wp\/v2\/pages\/187\/revisions"}],"wp:attachment":[{"href":"https:\/\/www.domovi-za-starije.com\/de\/wp-json\/wp\/v2\/media?parent=187"}],"curies":[{"name":"wp","href":"https:\/\/api.w.org\/{rel}","templated":true}]}}